{"id":968,"date":"2021-04-06T10:38:16","date_gmt":"2021-04-06T10:38:16","guid":{"rendered":"https:\/\/xtfiberlaser.com\/contact\/"},"modified":"2025-05-06T10:29:08","modified_gmt":"2025-05-06T02:29:08","slug":"contact","status":"publish","type":"page","link":"https:\/\/xtfiberlaser.com\/ro\/contact\/","title":{"rendered":"Persoan\u0103 de contact"},"content":{"rendered":"<div data-elementor-type=\"wp-page\" data-elementor-id=\"968\" class=\"elementor elementor-968\" data-elementor-post-type=\"page\">\n\t\t\t\t<div class=\"elementor-element elementor-element-7f33d74 e-flex e-con-boxed e-con e-parent\" data-id=\"7f33d74\" data-element_type=\"container\" data-settings=\"{&quot;background_background&quot;:&quot;classic&quot;,&quot;ekit_has_onepagescroll_dot&quot;:&quot;yes&quot;}\">\n\t\t\t\t\t<div class=\"e-con-inner\">\n\t\t\t\t<div class=\"elementor-element elementor-element-c070327 elementor-widget elementor-widget-heading\" data-id=\"c070327\" data-element_type=\"widget\" data-settings=\"{&quot;ekit_we_effect_on&quot;:&quot;none&quot;}\" data-widget_type=\"heading.default\">\n\t\t\t\t<div class=\"elementor-widget-container\">\n\t\t\t\t\t<h1 class=\"elementor-heading-title elementor-size-default\">Contacta\u021bi-ne<\/h1>\t\t\t\t<\/div>\n\t\t\t\t<\/div>\n\t\t\t\t\t<\/div>\n\t\t\t\t<\/div>\n\t\t<div class=\"elementor-element elementor-element-40fe74f e-flex e-con-boxed e-con e-parent\" data-id=\"40fe74f\" data-element_type=\"container\" data-settings=\"{&quot;ekit_has_onepagescroll_dot&quot;:&quot;yes&quot;}\">\n\t\t\t\t\t<div class=\"e-con-inner\">\n\t\t<div class=\"elementor-element elementor-element-414c7a5 e-flex e-con-boxed e-con e-child\" data-id=\"414c7a5\" data-element_type=\"container\" data-settings=\"{&quot;background_background&quot;:&quot;classic&quot;,&quot;ekit_has_onepagescroll_dot&quot;:&quot;yes&quot;}\">\n\t\t\t\t\t<div class=\"e-con-inner\">\n\t\t\t\t<div class=\"elementor-element elementor-element-0fa0dd2 elementor-view-default elementor-position-block-start elementor-mobile-position-block-start elementor-widget elementor-widget-icon-box\" data-id=\"0fa0dd2\" data-element_type=\"widget\" data-settings=\"{&quot;ekit_we_effect_on&quot;:&quot;none&quot;}\" data-widget_type=\"icon-box.default\">\n\t\t\t\t<div class=\"elementor-widget-container\">\n\t\t\t\t\t\t\t<div class=\"elementor-icon-box-wrapper\">\n\n\t\t\t\t\t\t<div class=\"elementor-icon-box-icon\">\n\t\t\t\t<span  class=\"elementor-icon\">\n\t\t\t\t<i aria-hidden=\"true\" class=\"icon icon-placeholder2\"><\/i>\t\t\t\t<\/span>\n\t\t\t<\/div>\n\t\t\t\n\t\t\t\t\t\t<div class=\"elementor-icon-box-content\">\n\n\t\t\t\t\t\t\t\t\t<p class=\"elementor-icon-box-title\">\n\t\t\t\t\t\t<span  >\n\t\t\t\t\t\t\tAdres\u0103\t\t\t\t\t\t<\/span>\n\t\t\t\t\t<\/p>\n\t\t\t\t\n\t\t\t\t\t\t\t\t\t<p class=\"elementor-icon-box-description\">\n\t\t\t\t\t\tNo. 866-1 Chunyuan Road, Gaoxin East District, Jinan City, provincia Shandong, China\t\t\t\t\t<\/p>\n\t\t\t\t\n\t\t\t<\/div>\n\t\t\t\n\t\t<\/div>\n\t\t\t\t\t\t<\/div>\n\t\t\t\t<\/div>\n\t\t\t\t\t<\/div>\n\t\t\t\t<\/div>\n\t\t<div class=\"elementor-element elementor-element-ebb5aff e-con-full e-flex e-con e-child\" data-id=\"ebb5aff\" data-element_type=\"container\" data-settings=\"{&quot;background_background&quot;:&quot;classic&quot;,&quot;ekit_has_onepagescroll_dot&quot;:&quot;yes&quot;}\">\n\t\t\t\t<div class=\"elementor-element elementor-element-e1ee05d elementor-view-default elementor-position-block-start elementor-mobile-position-block-start elementor-widget elementor-widget-icon-box\" data-id=\"e1ee05d\" data-element_type=\"widget\" data-settings=\"{&quot;ekit_we_effect_on&quot;:&quot;none&quot;}\" data-widget_type=\"icon-box.default\">\n\t\t\t\t<div class=\"elementor-widget-container\">\n\t\t\t\t\t\t\t<div class=\"elementor-icon-box-wrapper\">\n\n\t\t\t\t\t\t<div class=\"elementor-icon-box-icon\">\n\t\t\t\t<a href=\"https:\/\/api.whatsapp.com\/send?phone=8618753177006\" target=\"_blank\" class=\"elementor-icon\" tabindex=\"-1\" aria-label=\"Tel\/WhatsApp\">\n\t\t\t\t<i aria-hidden=\"true\" class=\"icon icon-phone-handset\"><\/i>\t\t\t\t<\/a>\n\t\t\t<\/div>\n\t\t\t\n\t\t\t\t\t\t<div class=\"elementor-icon-box-content\">\n\n\t\t\t\t\t\t\t\t\t<p class=\"elementor-icon-box-title\">\n\t\t\t\t\t\t<a href=\"https:\/\/api.whatsapp.com\/send?phone=8618753177006\" target=\"_blank\" >\n\t\t\t\t\t\t\tTel\/WhatsApp\t\t\t\t\t\t<\/a>\n\t\t\t\t\t<\/p>\n\t\t\t\t\n\t\t\t\t\t\t\t\t\t<p class=\"elementor-icon-box-description\">\n\t\t\t\t\t\t<\/br>Tel: 0086 13589060756<\/br>\n<a href=\"https:\/\/api.whatsapp.com\/send?phone=8618753177006\">WhatsApp: +86 18753177006<\/a> \t\t\t\t\t<\/p>\n\t\t\t\t\n\t\t\t<\/div>\n\t\t\t\n\t\t<\/div>\n\t\t\t\t\t\t<\/div>\n\t\t\t\t<\/div>\n\t\t\t\t<\/div>\n\t\t<div class=\"elementor-element elementor-element-1a390d9 e-con-full e-flex e-con e-child\" data-id=\"1a390d9\" data-element_type=\"container\" data-settings=\"{&quot;background_background&quot;:&quot;classic&quot;,&quot;ekit_has_onepagescroll_dot&quot;:&quot;yes&quot;}\">\n\t\t\t\t<div class=\"elementor-element elementor-element-f45345a elementor-view-default elementor-position-block-start elementor-mobile-position-block-start elementor-widget elementor-widget-icon-box\" data-id=\"f45345a\" data-element_type=\"widget\" data-settings=\"{&quot;ekit_we_effect_on&quot;:&quot;none&quot;}\" data-widget_type=\"icon-box.default\">\n\t\t\t\t<div class=\"elementor-widget-container\">\n\t\t\t\t\t\t\t<div class=\"elementor-icon-box-wrapper\">\n\n\t\t\t\t\t\t<div class=\"elementor-icon-box-icon\">\n\t\t\t\t<a href=\"mailto:%20info@xtfiberlaser.com\" target=\"_blank\" class=\"elementor-icon\" tabindex=\"-1\" aria-label=\"E-mail\">\n\t\t\t\t<i aria-hidden=\"true\" class=\"icon icon-mail\"><\/i>\t\t\t\t<\/a>\n\t\t\t<\/div>\n\t\t\t\n\t\t\t\t\t\t<div class=\"elementor-icon-box-content\">\n\n\t\t\t\t\t\t\t\t\t<p class=\"elementor-icon-box-title\">\n\t\t\t\t\t\t<a href=\"mailto:%20info@xtfiberlaser.com\" target=\"_blank\" >\n\t\t\t\t\t\t\tE-mail\t\t\t\t\t\t<\/a>\n\t\t\t\t\t<\/p>\n\t\t\t\t\n\t\t\t\t\t\t\t\t\t<p class=\"elementor-icon-box-description\">\n\t\t\t\t\t\t<\/br>info@xtfiberlaser.com<\/br>\nxtlasermachine@gmail.com\t\t\t\t\t<\/p>\n\t\t\t\t\n\t\t\t<\/div>\n\t\t\t\n\t\t<\/div>\n\t\t\t\t\t\t<\/div>\n\t\t\t\t<\/div>\n\t\t\t\t<\/div>\n\t\t\t\t\t<\/div>\n\t\t\t\t<\/div>\n\t\t<div class=\"elementor-element elementor-element-e95100b e-flex e-con-boxed e-con e-parent\" data-id=\"e95100b\" data-element_type=\"container\" data-settings=\"{&quot;ekit_has_onepagescroll_dot&quot;:&quot;yes&quot;}\">\n\t\t\t\t\t<div class=\"e-con-inner\">\n\t\t<div class=\"elementor-element elementor-element-51a5466 e-flex e-con-boxed e-con e-child\" data-id=\"51a5466\" data-element_type=\"container\" data-settings=\"{&quot;ekit_has_onepagescroll_dot&quot;:&quot;yes&quot;}\">\n\t\t\t\t\t<div class=\"e-con-inner\">\n\t\t<div class=\"elementor-element elementor-element-d32a17a e-con-full e-flex e-con e-child\" data-id=\"d32a17a\" data-element_type=\"container\" data-settings=\"{&quot;ekit_has_onepagescroll_dot&quot;:&quot;yes&quot;}\">\n\t\t\t\t<div class=\"elementor-element elementor-element-29878fb elementor-widget elementor-widget-image\" data-id=\"29878fb\" data-element_type=\"widget\" data-settings=\"{&quot;ekit_we_effect_on&quot;:&quot;none&quot;}\" data-widget_type=\"image.default\">\n\t\t\t\t<div class=\"elementor-widget-container\">\n\t\t\t\t\t\t\t\t\t\t\t\t\t\t\t<img fetchpriority=\"high\" decoding=\"async\" width=\"935\" height=\"821\" src=\"https:\/\/xtfiberlaser.com\/wp-content\/uploads\/2024\/09\/map.webp\" class=\"attachment-large size-large wp-image-5845\" alt=\"XTLASER map\" srcset=\"https:\/\/xtfiberlaser.com\/wp-content\/uploads\/2024\/09\/map.webp 935w, https:\/\/xtfiberlaser.com\/wp-content\/uploads\/2024\/09\/map-300x263.webp 300w, https:\/\/xtfiberlaser.com\/wp-content\/uploads\/2024\/09\/map-768x674.webp 768w, https:\/\/xtfiberlaser.com\/wp-content\/uploads\/2024\/09\/map-14x12.webp 14w, https:\/\/xtfiberlaser.com\/wp-content\/uploads\/2024\/09\/map-600x527.webp 600w\" sizes=\"(max-width: 935px) 100vw, 935px\" \/>\t\t\t\t\t\t\t\t\t\t\t\t\t\t\t<\/div>\n\t\t\t\t<\/div>\n\t\t\t\t<\/div>\n\t\t<div class=\"elementor-element elementor-element-ba7af47 e-con-full e-flex e-con e-child\" data-id=\"ba7af47\" data-element_type=\"container\" data-settings=\"{&quot;background_background&quot;:&quot;classic&quot;,&quot;ekit_has_onepagescroll_dot&quot;:&quot;yes&quot;}\">\n\t\t\t\t<div class=\"elementor-element elementor-element-280cb1a elementor-widget elementor-widget-heading\" data-id=\"280cb1a\" data-element_type=\"widget\" data-settings=\"{&quot;ekit_we_effect_on&quot;:&quot;none&quot;}\" data-widget_type=\"heading.default\">\n\t\t\t\t<div class=\"elementor-widget-container\">\n\t\t\t\t\t<h3 class=\"elementor-heading-title elementor-size-default\">Contacta\u021bi-ne<\/h3>\t\t\t\t<\/div>\n\t\t\t\t<\/div>\n\t\t\t\t<div class=\"elementor-element elementor-element-9b71dd9 elementor-widget__width-initial elementor-widget elementor-widget-text-editor\" data-id=\"9b71dd9\" data-element_type=\"widget\" data-settings=\"{&quot;ekit_we_effect_on&quot;:&quot;none&quot;}\" data-widget_type=\"text-editor.default\">\n\t\t\t\t<div class=\"elementor-widget-container\">\n\t\t\t\t\t\t\t\t\t<p>Vom fi bucuro\u0219i s\u0103 v\u0103 oferim solu\u021bii profesionale de prelucrare cu laser \u0219i asisten\u021b\u0103 tehnic\u0103.<\/p>\t\t\t\t\t\t\t\t<\/div>\n\t\t\t\t<\/div>\n\t\t\t\t<div class=\"elementor-element elementor-element-f7f95e5 elementor-widget__width-auto elementor-button-align-stretch elementor-widget elementor-widget-form\" data-id=\"f7f95e5\" data-element_type=\"widget\" data-settings=\"{&quot;step_next_label&quot;:&quot;Next&quot;,&quot;step_previous_label&quot;:&quot;Previous&quot;,&quot;button_width&quot;:&quot;100&quot;,&quot;step_type&quot;:&quot;number_text&quot;,&quot;step_icon_shape&quot;:&quot;circle&quot;,&quot;ekit_we_effect_on&quot;:&quot;none&quot;}\" data-widget_type=\"form.default\">\n\t\t\t\t<div class=\"elementor-widget-container\">\n\t\t\t\t\t\t\t<form class=\"elementor-form\" method=\"post\" name=\"contact-us form\" aria-label=\"contact-us form\" action=\"\">\n\t\t\t<input type=\"hidden\" name=\"post_id\" value=\"968\"\/>\n\t\t\t<input type=\"hidden\" name=\"form_id\" value=\"f7f95e5\"\/>\n\t\t\t<input type=\"hidden\" name=\"referer_title\" value=\"Contact - xtfiberlaser\" \/>\n\n\t\t\t\t\t\t\t<input type=\"hidden\" name=\"queried_id\" value=\"968\"\/>\n\t\t\t\n\t\t\t<div class=\"elementor-form-fields-wrapper elementor-labels-above\">\n\t\t\t\t\t\t\t\t<div class=\"elementor-field-type-text elementor-field-group elementor-column elementor-field-group-name elementor-col-50 elementor-field-required elementor-mark-required\">\n\t\t\t\t\t\t\t\t\t\t\t\t<label for=\"form-field-name\" class=\"elementor-field-label\">\n\t\t\t\t\t\t\t\tNume \u0219i prenume\t\t\t\t\t\t\t<\/label>\n\t\t\t\t\t\t\t\t\t\t\t\t\t\t<input size=\"1\" type=\"text\" name=\"form_fields[name]\" id=\"form-field-name\" class=\"elementor-field elementor-size-sm  elementor-field-textual\" placeholder=\"Nume*\" required=\"required\">\n\t\t\t\t\t\t\t\t\t\t\t<\/div>\n\t\t\t\t\t\t\t\t<div class=\"elementor-field-type-text elementor-field-group elementor-column elementor-field-group-field_d0d3e94 elementor-col-50 elementor-field-required elementor-mark-required\">\n\t\t\t\t\t\t\t\t\t\t\t\t<label for=\"form-field-field_d0d3e94\" class=\"elementor-field-label\">\n\t\t\t\t\t\t\t\t\u021aara*\t\t\t\t\t\t\t<\/label>\n\t\t\t\t\t\t\t\t\t\t\t\t\t\t<input size=\"1\" type=\"text\" name=\"form_fields[field_d0d3e94]\" id=\"form-field-field_d0d3e94\" class=\"elementor-field elementor-size-sm  elementor-field-textual\" placeholder=\"\u021aara*\" required=\"required\">\n\t\t\t\t\t\t\t\t\t\t\t<\/div>\n\t\t\t\t\t\t\t\t<div class=\"elementor-field-type-text elementor-field-group elementor-column elementor-field-group-email elementor-col-100 elementor-field-required elementor-mark-required\">\n\t\t\t\t\t\t\t\t\t\t\t\t<label for=\"form-field-email\" class=\"elementor-field-label\">\n\t\t\t\t\t\t\t\tE-mail\/telefon\t\t\t\t\t\t\t<\/label>\n\t\t\t\t\t\t\t\t\t\t\t\t\t\t<input size=\"1\" type=\"text\" name=\"form_fields[email]\" id=\"form-field-email\" class=\"elementor-field elementor-size-sm  elementor-field-textual\" placeholder=\"E-mail\/telefon*\" required=\"required\">\n\t\t\t\t\t\t\t\t\t\t\t<\/div>\n\t\t\t\t\t\t\t\t<div class=\"elementor-field-type-textarea elementor-field-group elementor-column elementor-field-group-message elementor-col-100 elementor-field-required elementor-mark-required\">\n\t\t\t\t\t\t\t\t\t\t\t\t<label for=\"form-field-message\" class=\"elementor-field-label\">\n\t\t\t\t\t\t\t\tMesaj\t\t\t\t\t\t\t<\/label>\n\t\t\t\t\t\t<textarea class=\"elementor-field-textual elementor-field  elementor-size-sm\" name=\"form_fields[message]\" id=\"form-field-message\" rows=\"4\" placeholder=\"Mesaj*\" required=\"required\"><\/textarea>\t\t\t\t<\/div>\n\t\t\t\t\t\t\t\t<div class=\"elementor-field-type-recaptcha elementor-field-group elementor-column elementor-field-group-field_ba4b1c5 elementor-col-100\">\n\t\t\t\t\t<div class=\"elementor-field\" id=\"form-field-field_ba4b1c5\"><div class=\"elementor-g-recaptcha\" data-sitekey=\"6LcQkC8rAAAAAEJSAB6FlDFmgdOyF3s5qjzFL4BK\" data-type=\"v2_checkbox\" data-theme=\"light\" data-size=\"normal\"><\/div><\/div>\t\t\t\t<\/div>\n\t\t\t\t\t\t\t\t<div class=\"elementor-field-group elementor-column elementor-field-type-submit elementor-col-100 e-form__buttons\">\n\t\t\t\t\t<button class=\"elementor-button elementor-size-sm\" type=\"submit\">\n\t\t\t\t\t\t<span class=\"elementor-button-content-wrapper\">\n\t\t\t\t\t\t\t\t\t\t\t\t\t\t\t\t\t\t\t\t\t\t<span class=\"elementor-button-text\">Trimite<\/span>\n\t\t\t\t\t\t\t\t\t\t\t\t\t<\/span>\n\t\t\t\t\t<\/button>\n\t\t\t\t<\/div>\n\t\t\t<\/div>\n\t\t<input type=\"hidden\" name=\"trp-form-language\" value=\"ro\"\/><\/form>\n\t\t\t\t\t\t<\/div>\n\t\t\t\t<\/div>\n\t\t\t\t<\/div>\n\t\t\t\t\t<\/div>\n\t\t\t\t<\/div>\n\t\t\t\t\t<\/div>\n\t\t\t\t<\/div>\n\t\t\t\t<\/div>","protected":false},"excerpt":{"rendered":"<p>Contacta\u021bi-ne Adresa No. 866-1 Chunyuan Road, Gaoxin East District, Jinan City, Shandong Province, China Tel\/WhatsApp Tel: 0086 13589060756 WhatsApp: +86 18753177006 E-mail info@xtfiberlaser.com xtlasermachine@gmail.com Contacta\u021bi-ne Vom fi bucuro\u0219i s\u0103 v\u0103 oferim solu\u021bii profesionale de prelucrare cu laser \u0219i asisten\u021b\u0103 tehnic\u0103.<\/p>","protected":false},"author":2,"featured_media":0,"parent":0,"menu_order":0,"comment_status":"closed","ping_status":"closed","template":"","meta":{"site-sidebar-layout":"no-sidebar","site-content-layout":"page-builder","ast-site-content-layout":"full-width-container","site-content-style":"unboxed","site-sidebar-style":"unboxed","ast-global-header-display":"","ast-banner-title-visibility":"","ast-main-header-display":"","ast-hfb-above-header-display":"","ast-hfb-below-header-display":"","ast-hfb-mobile-header-display":"","site-post-title":"disabled","ast-breadcrumbs-content":"disabled","ast-featured-img":"disabled","footer-sml-layout":"","ast-disable-related-posts":"","theme-transparent-header-meta":"disabled","adv-header-id-meta":"","stick-header-meta":"","header-above-stick-meta":"","header-main-stick-meta":"","header-below-stick-meta":"","astra-migrate-meta-layouts":"set","ast-page-background-enabled":"default","ast-page-background-meta":{"desktop":{"background-color":"","background-image":"","background-repeat":"repeat","background-position":"center center","background-size":"auto","background-attachment":"scroll","background-type":"","background-media":"","overlay-type":"","overlay-color":"","overlay-opacity":"","overlay-gradient":""},"tablet":{"background-color":"","background-image":"","background-repeat":"repeat","background-position":"center center","background-size":"auto","background-attachment":"scroll","background-type":"","background-media":"","overlay-type":"","overlay-color":"","overlay-opacity":"","overlay-gradient":""},"mobile":{"background-color":"","background-image":"","background-repeat":"repeat","background-position":"center center","background-size":"auto","background-attachment":"scroll","background-type":"","background-media":"","overlay-type":"","overlay-color":"","overlay-opacity":"","overlay-gradient":""}},"ast-content-background-meta":{"desktop":{"background-color":"var(--ast-global-color-4)","background-image":"","background-repeat":"repeat","background-position":"center center","background-size":"auto","background-attachment":"scroll","background-type":"","background-media":"","overlay-type":"","overlay-color":"","overlay-opacity":"","overlay-gradient":""},"tablet":{"background-color":"var(--ast-global-color-4)","background-image":"","background-repeat":"repeat","background-position":"center center","background-size":"auto","background-attachment":"scroll","background-type":"","background-media":"","overlay-type":"","overlay-color":"","overlay-opacity":"","overlay-gradient":""},"mobile":{"background-color":"var(--ast-global-color-4)","background-image":"","background-repeat":"repeat","background-position":"center center","background-size":"auto","background-attachment":"scroll","background-type":"","background-media":"","overlay-type":"","overlay-color":"","overlay-opacity":"","overlay-gradient":""}},"footnotes":""},"class_list":["post-968","page","type-page","status-publish","hentry"],"yoast_head":"<!-- This site is optimized with the Yoast SEO plugin v26.8 - https:\/\/yoast.com\/product\/yoast-seo-wordpress\/ -->\n<title>Contact - xtfiberlaser<\/title>\n<meta name=\"description\" content=\"Contact us for professional technical support and solutions, xtlaser will give you a reply in the shortest possible time.\" \/>\n<meta name=\"robots\" content=\"index, follow, max-snippet:-1, max-image-preview:large, max-video-preview:-1\" \/>\n<link rel=\"canonical\" href=\"https:\/\/xtfiberlaser.com\/ro\/contact\/\" \/>\n<meta property=\"og:locale\" content=\"ro_RO\" \/>\n<meta property=\"og:type\" content=\"article\" \/>\n<meta property=\"og:title\" content=\"Contact - xtfiberlaser\" \/>\n<meta property=\"og:description\" content=\"Contact us for professional technical support and solutions, xtlaser will give you a reply in the shortest possible time.\" \/>\n<meta property=\"og:url\" content=\"https:\/\/xtfiberlaser.com\/ro\/contact\/\" \/>\n<meta property=\"og:site_name\" content=\"xtfiberlaser\" \/>\n<meta property=\"article:modified_time\" content=\"2025-05-06T02:29:08+00:00\" \/>\n<meta property=\"og:image\" content=\"http:\/\/xtfiberlaser.com\/wp-content\/uploads\/2024\/09\/map.webp\" \/>\n<meta name=\"twitter:card\" content=\"summary_large_image\" \/>\n<meta name=\"twitter:label1\" content=\"Timp estimat pentru citire\" \/>\n\t<meta name=\"twitter:data1\" content=\"1 minut\" \/>\n<script type=\"application\/ld+json\" class=\"yoast-schema-graph\">{\"@context\":\"https:\/\/schema.org\",\"@graph\":[{\"@type\":\"WebPage\",\"@id\":\"https:\/\/xtfiberlaser.com\/contact\/\",\"url\":\"https:\/\/xtfiberlaser.com\/contact\/\",\"name\":\"Contact - xtfiberlaser\",\"isPartOf\":{\"@id\":\"https:\/\/xtfiberlaser.com\/#website\"},\"primaryImageOfPage\":{\"@id\":\"https:\/\/xtfiberlaser.com\/contact\/#primaryimage\"},\"image\":{\"@id\":\"https:\/\/xtfiberlaser.com\/contact\/#primaryimage\"},\"thumbnailUrl\":\"http:\/\/xtfiberlaser.com\/wp-content\/uploads\/2024\/09\/map.webp\",\"datePublished\":\"2021-04-06T10:38:16+00:00\",\"dateModified\":\"2025-05-06T02:29:08+00:00\",\"description\":\"Contact us for professional technical support and solutions, xtlaser will give you a reply in the shortest possible time.\",\"breadcrumb\":{\"@id\":\"https:\/\/xtfiberlaser.com\/contact\/#breadcrumb\"},\"inLanguage\":\"ro-RO\",\"potentialAction\":[{\"@type\":\"ReadAction\",\"target\":[\"https:\/\/xtfiberlaser.com\/contact\/\"]}]},{\"@type\":\"ImageObject\",\"inLanguage\":\"ro-RO\",\"@id\":\"https:\/\/xtfiberlaser.com\/contact\/#primaryimage\",\"url\":\"http:\/\/xtfiberlaser.com\/wp-content\/uploads\/2024\/09\/map.webp\",\"contentUrl\":\"http:\/\/xtfiberlaser.com\/wp-content\/uploads\/2024\/09\/map.webp\"},{\"@type\":\"BreadcrumbList\",\"@id\":\"https:\/\/xtfiberlaser.com\/contact\/#breadcrumb\",\"itemListElement\":[{\"@type\":\"ListItem\",\"position\":1,\"name\":\"Home\",\"item\":\"https:\/\/xtfiberlaser.com\/\"},{\"@type\":\"ListItem\",\"position\":2,\"name\":\"Contact\"}]},{\"@type\":\"WebSite\",\"@id\":\"https:\/\/xtfiberlaser.com\/#website\",\"url\":\"https:\/\/xtfiberlaser.com\/\",\"name\":\"xtfiberlaser\",\"description\":\"XT LASER specializes in manufacturing, producing and selling fiber laser cutting machines, tube cutting machines, marking machines, cleaning machines and welding machines.\",\"publisher\":{\"@id\":\"https:\/\/xtfiberlaser.com\/#organization\"},\"potentialAction\":[{\"@type\":\"SearchAction\",\"target\":{\"@type\":\"EntryPoint\",\"urlTemplate\":\"https:\/\/xtfiberlaser.com\/?s={search_term_string}\"},\"query-input\":{\"@type\":\"PropertyValueSpecification\",\"valueRequired\":true,\"valueName\":\"search_term_string\"}}],\"inLanguage\":\"ro-RO\"},{\"@type\":\"Organization\",\"@id\":\"https:\/\/xtfiberlaser.com\/#organization\",\"name\":\"xtfiberlaser\",\"url\":\"https:\/\/xtfiberlaser.com\/\",\"logo\":{\"@type\":\"ImageObject\",\"inLanguage\":\"ro-RO\",\"@id\":\"https:\/\/xtfiberlaser.com\/#\/schema\/logo\/image\/\",\"url\":\"https:\/\/xtfiberlaser.com\/wp-content\/uploads\/2026\/01\/cropped-logo3.png\",\"contentUrl\":\"https:\/\/xtfiberlaser.com\/wp-content\/uploads\/2026\/01\/cropped-logo3.png\",\"width\":399,\"height\":133,\"caption\":\"xtfiberlaser\"},\"image\":{\"@id\":\"https:\/\/xtfiberlaser.com\/#\/schema\/logo\/image\/\"}}]}<\/script>\n<!-- \/ Yoast SEO plugin. -->","yoast_head_json":{"title":"Contact - xtfiberlaser","description":"Contact us for professional technical support and solutions, xtlaser will give you a reply in the shortest possible time.","robots":{"index":"index","follow":"follow","max-snippet":"max-snippet:-1","max-image-preview":"max-image-preview:large","max-video-preview":"max-video-preview:-1"},"canonical":"https:\/\/xtfiberlaser.com\/ro\/contact\/","og_locale":"ro_RO","og_type":"article","og_title":"Contact - xtfiberlaser","og_description":"Contact us for professional technical support and solutions, xtlaser will give you a reply in the shortest possible time.","og_url":"https:\/\/xtfiberlaser.com\/ro\/contact\/","og_site_name":"xtfiberlaser","article_modified_time":"2025-05-06T02:29:08+00:00","og_image":[{"url":"http:\/\/xtfiberlaser.com\/wp-content\/uploads\/2024\/09\/map.webp","type":"","width":"","height":""}],"twitter_card":"summary_large_image","twitter_misc":{"Timp estimat pentru citire":"1 minut"},"schema":{"@context":"https:\/\/schema.org","@graph":[{"@type":"WebPage","@id":"https:\/\/xtfiberlaser.com\/contact\/","url":"https:\/\/xtfiberlaser.com\/contact\/","name":"Contact - xtfiberlaser","isPartOf":{"@id":"https:\/\/xtfiberlaser.com\/#website"},"primaryImageOfPage":{"@id":"https:\/\/xtfiberlaser.com\/contact\/#primaryimage"},"image":{"@id":"https:\/\/xtfiberlaser.com\/contact\/#primaryimage"},"thumbnailUrl":"http:\/\/xtfiberlaser.com\/wp-content\/uploads\/2024\/09\/map.webp","datePublished":"2021-04-06T10:38:16+00:00","dateModified":"2025-05-06T02:29:08+00:00","description":"Contact us for professional technical support and solutions, xtlaser will give you a reply in the shortest possible time.","breadcrumb":{"@id":"https:\/\/xtfiberlaser.com\/contact\/#breadcrumb"},"inLanguage":"ro-RO","potentialAction":[{"@type":"ReadAction","target":["https:\/\/xtfiberlaser.com\/contact\/"]}]},{"@type":"ImageObject","inLanguage":"ro-RO","@id":"https:\/\/xtfiberlaser.com\/contact\/#primaryimage","url":"http:\/\/xtfiberlaser.com\/wp-content\/uploads\/2024\/09\/map.webp","contentUrl":"http:\/\/xtfiberlaser.com\/wp-content\/uploads\/2024\/09\/map.webp"},{"@type":"BreadcrumbList","@id":"https:\/\/xtfiberlaser.com\/contact\/#breadcrumb","itemListElement":[{"@type":"ListItem","position":1,"name":"Home","item":"https:\/\/xtfiberlaser.com\/"},{"@type":"ListItem","position":2,"name":"Contact"}]},{"@type":"WebSite","@id":"https:\/\/xtfiberlaser.com\/#website","url":"https:\/\/xtfiberlaser.com\/","name":"xtfiberlaser","description":"XT LASER este specializat\u0103 \u00een fabricarea, producerea \u0219i v\u00e2nzarea de ma\u0219ini de t\u0103iat cu laser cu fibr\u0103 optic\u0103, ma\u0219ini de t\u0103iat tuburi, ma\u0219ini de marcat, ma\u0219ini de cur\u0103\u021bat \u0219i ma\u0219ini de sudat.","publisher":{"@id":"https:\/\/xtfiberlaser.com\/#organization"},"potentialAction":[{"@type":"SearchAction","target":{"@type":"EntryPoint","urlTemplate":"https:\/\/xtfiberlaser.com\/?s={search_term_string}"},"query-input":{"@type":"PropertyValueSpecification","valueRequired":true,"valueName":"search_term_string"}}],"inLanguage":"ro-RO"},{"@type":"Organization","@id":"https:\/\/xtfiberlaser.com\/#organization","name":"xtfiberlaser","url":"https:\/\/xtfiberlaser.com\/","logo":{"@type":"ImageObject","inLanguage":"ro-RO","@id":"https:\/\/xtfiberlaser.com\/#\/schema\/logo\/image\/","url":"https:\/\/xtfiberlaser.com\/wp-content\/uploads\/2026\/01\/cropped-logo3.png","contentUrl":"https:\/\/xtfiberlaser.com\/wp-content\/uploads\/2026\/01\/cropped-logo3.png","width":399,"height":133,"caption":"xtfiberlaser"},"image":{"@id":"https:\/\/xtfiberlaser.com\/#\/schema\/logo\/image\/"}}]}},"_links":{"self":[{"href":"https:\/\/xtfiberlaser.com\/ro\/wp-json\/wp\/v2\/pages\/968","targetHints":{"allow":["GET"]}}],"collection":[{"href":"https:\/\/xtfiberlaser.com\/ro\/wp-json\/wp\/v2\/pages"}],"about":[{"href":"https:\/\/xtfiberlaser.com\/ro\/wp-json\/wp\/v2\/types\/page"}],"author":[{"embeddable":true,"href":"https:\/\/xtfiberlaser.com\/ro\/wp-json\/wp\/v2\/users\/2"}],"replies":[{"embeddable":true,"href":"https:\/\/xtfiberlaser.com\/ro\/wp-json\/wp\/v2\/comments?post=968"}],"version-history":[{"count":110,"href":"https:\/\/xtfiberlaser.com\/ro\/wp-json\/wp\/v2\/pages\/968\/revisions"}],"predecessor-version":[{"id":7599,"href":"https:\/\/xtfiberlaser.com\/ro\/wp-json\/wp\/v2\/pages\/968\/revisions\/7599"}],"wp:attachment":[{"href":"https:\/\/xtfiberlaser.com\/ro\/wp-json\/wp\/v2\/media?parent=968"}],"curies":[{"name":"wp","href":"https:\/\/api.w.org\/{rel}","templated":true}]}}